{"id":1210,"date":"2010-10-13T10:24:16","date_gmt":"2010-10-13T10:24:16","guid":{"rendered":"http:\/\/bigfootlandia.wordpress.com\/?page_id=2"},"modified":"2014-12-22T11:43:46","modified_gmt":"2014-12-22T10:43:46","slug":"acerca-de","status":"publish","type":"page","link":"https:\/\/www.luismiguelmartin.com\/wordpress\/?page_id=1210","title":{"rendered":"Acerca de"},"content":{"rendered":"<p><img decoding=\"async\" loading=\"lazy\" class=\"alignleft size-thumbnail wp-image-157\" title=\"Bigfoot y Yoly\" src=\"http:\/\/192.168.1.2\/wordpress\/wp-content\/uploads\/2010\/10\/img_0941.jpg?w=150\" alt=\"\" width=\"150\" height=\"99\" srcset=\"https:\/\/www.luismiguelmartin.com\/wordpress\/wp-content\/uploads\/2010\/10\/img_0941.jpg 600w, https:\/\/www.luismiguelmartin.com\/wordpress\/wp-content\/uploads\/2010\/10\/img_0941-300x199.jpg 300w\" sizes=\"(max-width: 150px) 100vw, 150px\" \/>Bienvenido a mi <strong>Blog personal<\/strong>, donde podr\u00e1s conocerme un poco mejor, aguantar mis charletas, cr\u00edticas y dem\u00e1s &#8220;blogadas&#8221;.<\/p>\n<p>Eres bienvenido\/a&#8230; y recuerda: respeta y ser\u00e1s respetado.<\/p>\n<p>Un saludo<\/p>\n<p style=\"text-align: right;\">Luis Miguel Mart\u00edn &#8216;Bigfoot&#8217;<\/p>\n","protected":false},"excerpt":{"rendered":"<p>Bienvenido a mi Blog personal, donde podr\u00e1s conocerme un poco mejor, aguantar mis charletas, cr\u00edticas y dem\u00e1s &#8220;blogadas&#8221;. Eres bienvenido\/a&#8230; y recuerda: respeta y ser\u00e1s respetado. Un saludo Luis Miguel Mart\u00edn &#8216;Bigfoot&#8217;<\/p>\n","protected":false},"author":1,"featured_media":0,"parent":0,"menu_order":0,"comment_status":"open","ping_status":"open","template":"","meta":[],"_links":{"self":[{"href":"https:\/\/www.luismiguelmartin.com\/wordpress\/index.php?rest_route=\/wp\/v2\/pages\/1210"}],"collection":[{"href":"https:\/\/www.luismiguelmartin.com\/wordpress\/index.php?rest_route=\/wp\/v2\/pages"}],"about":[{"href":"https:\/\/www.luismiguelmartin.com\/wordpress\/index.php?rest_route=\/wp\/v2\/types\/page"}],"author":[{"embeddable":true,"href":"https:\/\/www.luismiguelmartin.com\/wordpress\/index.php?rest_route=\/wp\/v2\/users\/1"}],"replies":[{"embeddable":true,"href":"https:\/\/www.luismiguelmartin.com\/wordpress\/index.php?rest_route=%2Fwp%2Fv2%2Fcomments&post=1210"}],"version-history":[{"count":1,"href":"https:\/\/www.luismiguelmartin.com\/wordpress\/index.php?rest_route=\/wp\/v2\/pages\/1210\/revisions"}],"predecessor-version":[{"id":1225,"href":"https:\/\/www.luismiguelmartin.com\/wordpress\/index.php?rest_route=\/wp\/v2\/pages\/1210\/revisions\/1225"}],"wp:attachment":[{"href":"https:\/\/www.luismiguelmartin.com\/wordpress\/index.php?rest_route=%2Fwp%2Fv2%2Fmedia&parent=1210"}],"curies":[{"name":"wp","href":"https:\/\/api.w.org\/{rel}","templated":true}]}}